{"id":123,"date":"2025-12-30T22:44:26","date_gmt":"2025-12-30T21:44:26","guid":{"rendered":"https:\/\/ballonkunst-moosburg.de\/?page_id=123"},"modified":"2025-12-30T23:06:53","modified_gmt":"2025-12-30T22:06:53","slug":"ballonworkshop","status":"publish","type":"page","link":"https:\/\/mac-marty.de\/index.php\/ballonworkshop\/","title":{"rendered":"Ballonworkshop"},"content":{"rendered":"\t\t<div data-elementor-type=\"wp-page\" data-elementor-id=\"123\" class=\"elementor elementor-123\">\n\t\t\t\t<div class=\"elementor-element elementor-element-6ebaff7 e-flex e-con-boxed e-con e-parent\" data-id=\"6ebaff7\" data-element_type=\"container\" data-e-type=\"container\">\n\t\t\t\t\t<div class=\"e-con-inner\">\n\t\t\t\t<div class=\"elementor-element elementor-element-964617a elementor-widget elementor-widget-text-editor\" data-id=\"964617a\" data-element_type=\"widget\" data-e-type=\"widget\" data-widget_type=\"text-editor.default\">\n\t\t\t\t\t\t\t\t\t<p>Sie m\u00f6chten Ihren G\u00e4sten einen interaktiven Programmpunkt bieten? Im Rahmen des <strong>Ballonworkshops <\/strong>k\u00f6nnen Ihre G\u00e4ste selbst unter Anleitung erleben, wie man einfache Ballonfiguren erstellt. Nat\u00fcrlich d\u00fcrfen die G\u00e4ste ihre eigene Figuren als Andenken mit nach Hause nehmen.<\/p><p><img decoding=\"async\" class=\"img-responsive aligncenter\" src=\"https:\/\/www.mac-marty.de\/media\/Auftrittsbilder\/Workshop.jpg\" alt=\"\" height=\"468\" data-cke-saved-src=\"https:\/\/www.mac-marty.de\/media\/Auftrittsbilder\/Workshop.jpg\" \/><\/p>\t\t\t\t\t\t\t\t<\/div>\n\t\t\t\t\t<\/div>\n\t\t\t\t<\/div>\n\t\t\t\t<\/div>\n\t\t","protected":false},"excerpt":{"rendered":"<p>Sie m\u00f6chten Ihren G\u00e4sten einen interaktiven Programmpunkt bieten? Im Rahmen des Ballonworkshops k\u00f6nnen Ihre G\u00e4ste selbst unter Anleitung erleben, wie man einfache Ballonfiguren erstellt. Nat\u00fcrlich d\u00fcrfen die G\u00e4ste ihre eigene Figuren als Andenken mit nach Hause nehmen.<\/p>\n","protected":false},"author":1,"featured_media":0,"parent":0,"menu_order":0,"comment_status":"closed","ping_status":"closed","template":"","meta":{"footnotes":""},"class_list":["post-123","page","type-page","status-publish","hentry"],"_links":{"self":[{"href":"https:\/\/mac-marty.de\/index.php\/wp-json\/wp\/v2\/pages\/123","targetHints":{"allow":["GET"]}}],"collection":[{"href":"https:\/\/mac-marty.de\/index.php\/wp-json\/wp\/v2\/pages"}],"about":[{"href":"https:\/\/mac-marty.de\/index.php\/wp-json\/wp\/v2\/types\/page"}],"author":[{"embeddable":true,"href":"https:\/\/mac-marty.de\/index.php\/wp-json\/wp\/v2\/users\/1"}],"replies":[{"embeddable":true,"href":"https:\/\/mac-marty.de\/index.php\/wp-json\/wp\/v2\/comments?post=123"}],"version-history":[{"count":4,"href":"https:\/\/mac-marty.de\/index.php\/wp-json\/wp\/v2\/pages\/123\/revisions"}],"predecessor-version":[{"id":145,"href":"https:\/\/mac-marty.de\/index.php\/wp-json\/wp\/v2\/pages\/123\/revisions\/145"}],"wp:attachment":[{"href":"https:\/\/mac-marty.de\/index.php\/wp-json\/wp\/v2\/media?parent=123"}],"curies":[{"name":"wp","href":"https:\/\/api.w.org\/{rel}","templated":true}]}}