{"id":14,"date":"2025-12-30T21:11:51","date_gmt":"2025-12-30T20:11:51","guid":{"rendered":"https:\/\/ballonkunst-moosburg.de\/index.php\/startseite\/"},"modified":"2026-04-01T09:06:32","modified_gmt":"2026-04-01T07:06:32","slug":"startseite","status":"publish","type":"page","link":"https:\/\/mac-marty.de\/","title":{"rendered":"Startseite"},"content":{"rendered":"\t\t<div data-elementor-type=\"wp-page\" data-elementor-id=\"14\" class=\"elementor elementor-14\">\n\t\t\t\t<div class=\"elementor-element elementor-element-01e4c80 e-flex e-con-boxed e-con e-parent\" data-id=\"01e4c80\" data-element_type=\"container\" data-e-type=\"container\">\n\t\t\t\t\t<div class=\"e-con-inner\">\n\t\t\t\t<div class=\"elementor-element elementor-element-ec0315a elementor-widget elementor-widget-image\" data-id=\"ec0315a\" data-element_type=\"widget\" data-e-type=\"widget\" data-widget_type=\"image.default\">\n\t\t\t\t\t\t\t\t\t\t\t\t\t\t\t<img fetchpriority=\"high\" decoding=\"async\" width=\"930\" height=\"271\" src=\"https:\/\/mac-marty.de\/wp-content\/uploads\/2025\/12\/headerdrytzel3.webp\" class=\"attachment-full size-full wp-image-56\" alt=\"\" srcset=\"https:\/\/mac-marty.de\/wp-content\/uploads\/2025\/12\/headerdrytzel3.webp 930w, https:\/\/mac-marty.de\/wp-content\/uploads\/2025\/12\/headerdrytzel3-300x87.webp 300w, https:\/\/mac-marty.de\/wp-content\/uploads\/2025\/12\/headerdrytzel3-768x224.webp 768w\" sizes=\"(max-width: 930px) 100vw, 930px\" \/>\t\t\t\t\t\t\t\t\t\t\t\t\t\t\t<\/div>\n\t\t\t\t<div class=\"elementor-element elementor-element-3a4d5da elementor-widget elementor-widget-text-editor\" data-id=\"3a4d5da\" data-element_type=\"widget\" data-e-type=\"widget\" data-widget_type=\"text-editor.default\">\n\t\t\t\t\t\t\t\t\t<h2>&nbsp; &nbsp;Willkommen bei <strong>Mac Marty &#8211; Luftige Ballonfiguren nicht nur f\u00fcr Kinder&#8230;. &nbsp;<\/strong><\/h2>\n<p><img decoding=\"async\" class=\"size-medium wp-image-70 aligncenter\" src=\"https:\/\/mac-marty.de\/wp-content\/uploads\/2025\/12\/2663_b_Kopie-200x300.webp\" alt=\"\" width=\"200\" height=\"300\" srcset=\"https:\/\/mac-marty.de\/wp-content\/uploads\/2025\/12\/2663_b_Kopie-200x300.webp 200w, https:\/\/mac-marty.de\/wp-content\/uploads\/2025\/12\/2663_b_Kopie-683x1024.webp 683w, https:\/\/mac-marty.de\/wp-content\/uploads\/2025\/12\/2663_b_Kopie-768x1151.webp 768w, https:\/\/mac-marty.de\/wp-content\/uploads\/2025\/12\/2663_b_Kopie-1025x1536.webp 1025w, https:\/\/mac-marty.de\/wp-content\/uploads\/2025\/12\/2663_b_Kopie-1367x2048.webp 1282w, https:\/\/mac-marty.de\/wp-content\/uploads\/2025\/12\/2663_b_Kopie-scaled.webp 1281w\" sizes=\"(max-width: 200px) 100vw, 200px\" \/><\/p>\n<p>Mit meinen kleinen und gro\u00dfen Figuren aus Luftballons versuche ich die Welt ein klein wenig freundlicher, bunter und sch\u00f6ner zu machen. Mit Humor, Kreativit\u00e4t und bunten Ballons im Gep\u00e4ck mache ich mich dabei auf den Weg, um ein L\u00e4cheln auf die Gesichter von Kindern und Erwachsenen zu zaubern.<\/p>\n<p>Egal ob Schildkr\u00f6te, Giraffe, Alien, Gitarre, Oktopus oder Libelle: jede Ballonfigur wird individuell angefertigt und ist somit etwas &#8222;ganz Besonderes&#8220;. Jenseits des allgemein bekannten Ballonhundes entstehen innerhalb von wenigen Minuten effektvolle und einzigartige Ballonfiguren, die als Erinnerungsst\u00fccke an Ihre Veranstaltung von den G\u00e4sten mit nach Hause genommen werden k\u00f6nnen.<\/p>\n<p>Falls Sie mit mir in Kontakt treten m\u00f6chten, k\u00f6nnen Sie direkt eine Anfrage \u00fcber diese Webseite unter <strong> Kontakt <\/strong>starten oder mir auch eine eMail unter&nbsp;<strong>info@mac-marty.de<\/strong> senden.<\/p>\t\t\t\t\t\t\t\t<\/div>\n\t\t\t\t\t<\/div>\n\t\t\t\t<\/div>\n\t\t\t\t<\/div>\n\t\t","protected":false},"excerpt":{"rendered":"<p>&nbsp; &nbsp;Willkommen bei Mac Marty &#8211; Luftige Ballonfiguren nicht nur f\u00fcr Kinder&#8230;. &nbsp; Mit meinen kleinen und gro\u00dfen Figuren aus Luftballons versuche ich die Welt ein klein wenig freundlicher, bunter und sch\u00f6ner zu machen. Mit Humor, Kreativit\u00e4t und bunten Ballons im Gep\u00e4ck mache ich mich dabei auf den Weg, um ein L\u00e4cheln auf die Gesichter [&hellip;]<\/p>\n","protected":false},"author":1,"featured_media":0,"parent":0,"menu_order":0,"comment_status":"closed","ping_status":"closed","template":"","meta":{"footnotes":""},"class_list":["post-14","page","type-page","status-publish","hentry"],"_links":{"self":[{"href":"https:\/\/mac-marty.de\/index.php\/wp-json\/wp\/v2\/pages\/14","targetHints":{"allow":["GET"]}}],"collection":[{"href":"https:\/\/mac-marty.de\/index.php\/wp-json\/wp\/v2\/pages"}],"about":[{"href":"https:\/\/mac-marty.de\/index.php\/wp-json\/wp\/v2\/types\/page"}],"author":[{"embeddable":true,"href":"https:\/\/mac-marty.de\/index.php\/wp-json\/wp\/v2\/users\/1"}],"replies":[{"embeddable":true,"href":"https:\/\/mac-marty.de\/index.php\/wp-json\/wp\/v2\/comments?post=14"}],"version-history":[{"count":10,"href":"https:\/\/mac-marty.de\/index.php\/wp-json\/wp\/v2\/pages\/14\/revisions"}],"predecessor-version":[{"id":202,"href":"https:\/\/mac-marty.de\/index.php\/wp-json\/wp\/v2\/pages\/14\/revisions\/202"}],"wp:attachment":[{"href":"https:\/\/mac-marty.de\/index.php\/wp-json\/wp\/v2\/media?parent=14"}],"curies":[{"name":"wp","href":"https:\/\/api.w.org\/{rel}","templated":true}]}}